{"id":503,"date":"2013-01-21T20:45:30","date_gmt":"2013-01-21T19:45:30","guid":{"rendered":"http:\/\/www.mfvostbevern.de\/?page_id=503"},"modified":"2022-10-14T11:25:47","modified_gmt":"2022-10-14T09:25:47","slug":"preise","status":"publish","type":"page","link":"https:\/\/www.mfvostbevern.de\/?page_id=503","title":{"rendered":"Vereinsbeitr\u00e4ge, Versicherung und Flugordnung"},"content":{"rendered":"<p>Und was kostet die Modellfliegerei so?<\/p>\n<p>Zun\u00e4chst die Vereinsbeitr\u00e4ge<br \/>\n<strong>Jahresbeitrag<\/strong><br \/>\nJugendliche: \u00a0 30 \u20ac<br \/>\nErwachsene: \u00a0 40 \u20ac<\/p>\n<p><strong>Aufnahmegeb\u00fchr<\/strong><br \/>\nJugendliche: \u00a0 25 \u20ac<br \/>\nErwachsene: \u00a0 150 \u20ac<\/p>\n<p>Zwingend erforderlich ist eine Haftpflichtversicherung. Diese wird zwingend \u00fcber den Verein beim DMFV (Deutscher Modellflieger Verband) abgeschlossen.<\/p>\n<p><strong>DMFV Versicherung<\/strong><br \/>\nJugendliche: 12 \u20ac<br \/>\nErwachsene: 42 \u20ac<\/p>\n<p><strong>DMFV Versicherung<\/strong><br \/>\nJugendliche (behindert): 10 \u20ac<br \/>\nErwachsene (behindert): 34 \u20ac<\/p>\n<p>Zusatzversicherung DMFV, bei Einsatz des Modells au\u00dferhalb des Vereinsrahmens erforderlich (Sinnvoll, wenn man auch mal woanders fliegen m\u00f6chte, z. B. beim Nachbarverein oder im Urlaub)<\/p>\n<p>nach Form II \/ \u20ac 14,36 p.a.<br \/>\nDeckung: Pauschal \u20ac 1,5 Mio f\u00fcr Personen- und\/oder Sachsch\u00e4den \u2013 oder<\/p>\n<p>nach Form III \/ \u20ac 17,44 p.a.<br \/>\nDeckung: Pauschal \u20ac 3,0 Mio f\u00fcr Personen- und\/oder Sachsch\u00e4den \u2013 oder<\/p>\n<p>nach Form IV \/ \u20ac 24,62 p.a.<br \/>\nDeckung: Pauschal \u20ac 4,0 Mio f\u00fcr Personen- und\/oder Sachsch\u00e4den<\/p>\n<p><strong>Aufnahmegeb\u00fchr DMFV<\/strong><br \/>\nJugendliche: 1,50 \u20ac<br \/>\nErwachsene: 3,- \u20ac<\/p>\n<p>Mit der g\u00e4ngigen Zusatzversicherung (Zusatz 3) kostet die Vereinsmitgliedschaft samt Versicherung und DMFV-Mitgliedschaft (da gibts z. B. alle 2 Monate eine Modellfliegerzeitschrift) f\u00fcr einen Erwachsenen 99 \u20ac im Jahr. \u00a0F\u00fcr einen Jugendlichen sind pro Jahr 59 \u20ac f\u00e4llig.<\/p>\n<p>Geb\u00fchr f\u00fcr nicht erledigte Platzpflege: 50,- Euro<\/p>\n<p>Nicht inbegriffen ist selbstverst\u00e4ndlich der regelm\u00e4\u00dfige Modellverschlei\u00df \ud83d\ude42 !<\/p>\n<p>&nbsp;<\/p>\n<p><strong>Flugordnung<\/strong><\/p>\n<p>Damit alle sicher und geregelt Ihrem Hobby nachgehen k\u00f6nnen, gelten bei uns die Regeln der Flugordnung:<\/p>\n<p><a href=\"http:\/\/www.mfvostbevern.de\/wp-content\/uploads\/2022\/10\/Flugordnung20222022-10-10.pdf\" target=\"_blank\" rel=\"noopener\">Flugordnung des MFV Ostbevern<\/a><\/p>\n<p>&nbsp;<\/p>\n<p>&nbsp;<\/p>\n","protected":false},"excerpt":{"rendered":"<p>Und was kostet die Modellfliegerei so? Zun\u00e4chst die Vereinsbeitr\u00e4ge Jahresbeitrag Jugendliche: \u00a0 30 \u20ac Erwachsene: \u00a0 40 \u20ac Aufnahmegeb\u00fchr Jugendliche: \u00a0 25 \u20ac Erwachsene: \u00a0 150 \u20ac Zwingend erforderlich ist eine Haftpflichtversicherung. Diese wird zwingend \u00fcber den Verein beim DMFV (Deutscher Modellflieger Verband) abgeschlossen. DMFV Versicherung Jugendliche: 12 \u20ac Erwachsene: 42 \u20ac DMFV Versicherung Jugendliche [&hellip;]<\/p>\n","protected":false},"author":6,"featured_media":0,"parent":0,"menu_order":14,"comment_status":"closed","ping_status":"closed","template":"","meta":[],"_links":{"self":[{"href":"https:\/\/www.mfvostbevern.de\/index.php?rest_route=\/wp\/v2\/pages\/503"}],"collection":[{"href":"https:\/\/www.mfvostbevern.de\/index.php?rest_route=\/wp\/v2\/pages"}],"about":[{"href":"https:\/\/www.mfvostbevern.de\/index.php?rest_route=\/wp\/v2\/types\/page"}],"author":[{"embeddable":true,"href":"https:\/\/www.mfvostbevern.de\/index.php?rest_route=\/wp\/v2\/users\/6"}],"replies":[{"embeddable":true,"href":"https:\/\/www.mfvostbevern.de\/index.php?rest_route=%2Fwp%2Fv2%2Fcomments&post=503"}],"version-history":[{"count":13,"href":"https:\/\/www.mfvostbevern.de\/index.php?rest_route=\/wp\/v2\/pages\/503\/revisions"}],"predecessor-version":[{"id":1708,"href":"https:\/\/www.mfvostbevern.de\/index.php?rest_route=\/wp\/v2\/pages\/503\/revisions\/1708"}],"wp:attachment":[{"href":"https:\/\/www.mfvostbevern.de\/index.php?rest_route=%2Fwp%2Fv2%2Fmedia&parent=503"}],"curies":[{"name":"wp","href":"https:\/\/api.w.org\/{rel}","templated":true}]}}