{"id":245,"date":"2012-02-06T18:20:24","date_gmt":"2012-02-06T17:20:24","guid":{"rendered":"http:\/\/www.mfvostbevern.de\/?page_id=245"},"modified":"2018-04-22T15:43:20","modified_gmt":"2018-04-22T13:43:20","slug":"links-2","status":"publish","type":"page","link":"https:\/\/www.mfvostbevern.de\/?page_id=245","title":{"rendered":"Links"},"content":{"rendered":"<p>Links zu einigen Modellflug-Vereinen in unserer Nachbarschaft:<\/p>\n<p><a href=\"http:\/\/www.do-x-osnabrueck.de\/\" target=\"_blank\">www.do-x-osnabrueck.de<\/a><\/p>\n<p><a href=\"http:\/\/www.mfc-osnabrueck.com\/\" target=\"_blank\">www.mfc-osnabrueck.com<\/a><br \/>\n<a href=\"http:\/\/www.buschpiloten.de\/\" target=\"_blank\"><br \/>\nwww.buschpiloten.de<\/a><br \/>\n<a href=\"http:\/\/www.msc-daedalus.de\/\" target=\"_blank\"><br \/>\nwww.msc-daedalus.de<\/a><br \/>\n<a href=\"http:\/\/mfc.mwoehrmann.de\/\" target=\"_blank\"><br \/>\nmfc-bad-iburg.svbd.de<\/a><br \/>\n<a href=\"http:\/\/www.mfc-freckenhorst.de\/\" target=\"_blank\"><br \/>\nwww.mfc-freckenhorst.de<wbr \/><\/a><br \/>\n<a href=\"http:\/\/www.luftzirkus.com\/\" target=\"_blank\"><br \/>\nwww.luftzirkus.com<\/a> (Harsewinkel)<br \/>\n<a href=\"http:\/\/www.fmc-rheine.de\/\" target=\"_blank\"><br \/>\nwww.fmc-rheine.de<\/a><br \/>\n<a href=\"http:\/\/www.mfc-coesfeld.de\/\" target=\"_blank\"><br \/>\nwww.mfc-coesfeld.de<\/a><\/p>\n<p><a title=\"MFC Altenrheine\" href=\"http:\/\/www.mfc-altenrheine.privat.t-online.de\" target=\"_blank\">www.mfc-altenrheine.privat.t-online.de<\/a><\/p>\n<p>&nbsp;<\/p>\n<p>Links zu einigen Shops:<br \/>\n(Die Reihenfolge sagt nichts \u00fcber die Qualit\u00e4t oder etwaige Pr\u00e4ferenzen aus)<\/p>\n<p><a href=\"http:\/\/www.hoelleinshop.com\" target=\"_blank\">www.hoelleinshop.com<br \/>\n<\/a><\/p>\n<p><a href=\"http:\/\/www.wega-sunshine.de\" target=\"_blank\">www.wega-sunshine.de<\/a><\/p>\n<p><a href=\"http:\/\/modellbau.shop.ebay.de\" target=\"_blank\">modellbau.shop.ebay.de<\/a><\/p>\n<p><a href=\"http:\/\/www.hobbyking.com\" target=\"_blank\">www.hobbyking.com<\/a><\/p>\n<p><a href=\"http:\/\/www.brigitte-ritter.de\" target=\"_blank\">www.brigitte-ritter.de<\/a><\/p>\n<p><a href=\"http:\/\/www.modellhobby.de\" target=\"_blank\">www.modellhobby.de<\/a><\/p>\n<p><a href=\"http:\/\/www.voltmaster.de\" target=\"_blank\">www.voltmaster.de<\/a><\/p>\n<p><a href=\"http:\/\/www.lindinger.at\/\" target=\"_blank\">www.lindinger.at<\/a><\/p>\n<p><a href=\"http:\/\/www.der-schweighofer.at\" target=\"_blank\">www.der-schweighofer.at<\/a><\/p>\n<p><a href=\"http:\/\/www.mapl-connect.eu\">www.mapl-connect.eu<\/a><\/p>\n","protected":false},"excerpt":{"rendered":"<p>Links zu einigen Modellflug-Vereinen in unserer Nachbarschaft: www.do-x-osnabrueck.de www.mfc-osnabrueck.com www.buschpiloten.de www.msc-daedalus.de mfc-bad-iburg.svbd.de www.mfc-freckenhorst.de www.luftzirkus.com (Harsewinkel) www.fmc-rheine.de www.mfc-coesfeld.de www.mfc-altenrheine.privat.t-online.de &nbsp; Links zu einigen Shops: (Die Reihenfolge sagt nichts \u00fcber die Qualit\u00e4t oder etwaige Pr\u00e4ferenzen aus) www.hoelleinshop.com www.wega-sunshine.de modellbau.shop.ebay.de www.hobbyking.com www.brigitte-ritter.de www.modellhobby.de www.voltmaster.de www.lindinger.at www.der-schweighofer.at www.mapl-connect.eu<\/p>\n","protected":false},"author":1,"featured_media":0,"parent":0,"menu_order":15,"comment_status":"closed","ping_status":"closed","template":"","meta":[],"_links":{"self":[{"href":"https:\/\/www.mfvostbevern.de\/index.php?rest_route=\/wp\/v2\/pages\/245"}],"collection":[{"href":"https:\/\/www.mfvostbevern.de\/index.php?rest_route=\/wp\/v2\/pages"}],"about":[{"href":"https:\/\/www.mfvostbevern.de\/index.php?rest_route=\/wp\/v2\/types\/page"}],"author":[{"embeddable":true,"href":"https:\/\/www.mfvostbevern.de\/index.php?rest_route=\/wp\/v2\/users\/1"}],"replies":[{"embeddable":true,"href":"https:\/\/www.mfvostbevern.de\/index.php?rest_route=%2Fwp%2Fv2%2Fcomments&post=245"}],"version-history":[{"count":22,"href":"https:\/\/www.mfvostbevern.de\/index.php?rest_route=\/wp\/v2\/pages\/245\/revisions"}],"predecessor-version":[{"id":994,"href":"https:\/\/www.mfvostbevern.de\/index.php?rest_route=\/wp\/v2\/pages\/245\/revisions\/994"}],"wp:attachment":[{"href":"https:\/\/www.mfvostbevern.de\/index.php?rest_route=%2Fwp%2Fv2%2Fmedia&parent=245"}],"curies":[{"name":"wp","href":"https:\/\/api.w.org\/{rel}","templated":true}]}}