{"id":2,"date":"2011-03-28T07:07:41","date_gmt":"2011-03-28T05:07:41","guid":{"rendered":"http:\/\/www.mfvostbevern.de\/?page_id=2"},"modified":"2018-04-22T10:43:32","modified_gmt":"2018-04-22T08:43:32","slug":"modellfliegen","status":"publish","type":"page","link":"https:\/\/www.mfvostbevern.de\/?page_id=2","title":{"rendered":"Der Verein und Modellfliegen allgemein"},"content":{"rendered":"<p>Der Verein<\/p>\n<p>Der Modellflugverein wurde 1971 gegr\u00fcndet. In der Bauernschaft Brock fand man eine sch\u00f6ne Fliegewiese. Ein alter Pferdeunterstand wurde ruck-zuck zum Vereinsh\u00e4uschen umfunktioniert. Leider fiel dies einem Brand zum Opfer. Doch es wurde nicht lange gewartet, und an alter Stelle ein neues H\u00e4uschen errichtet, das nun seit zig Jahren als Treffpunkt dient.<\/p>\n<p>Der Platz ist ca. 150m lang und 25m breit. Das Start-\/Landefeld ist grob in Nord-Ost\/S\u00fcd-West Richtung angelegt.<\/p>\n<p>&nbsp;<\/p>\n<p><a href=\"http:\/\/www.mfvostbevern.de\/wp-content\/uploads\/2011\/03\/flugplatz1.jpg\"><img decoding=\"async\" loading=\"lazy\" class=\"alignnone size-full wp-image-82\" title=\"flugplatz1\" src=\"http:\/\/www.mfvostbevern.de\/wp-content\/uploads\/2011\/03\/flugplatz1.jpg\" alt=\"\" width=\"500\" height=\"384\" srcset=\"https:\/\/www.mfvostbevern.de\/wp-content\/uploads\/2011\/03\/flugplatz1.jpg 700w, https:\/\/www.mfvostbevern.de\/wp-content\/uploads\/2011\/03\/flugplatz1-300x230.jpg 300w\" sizes=\"(max-width: 500px) 100vw, 500px\" \/><\/a><\/p>\n<p>Der Flugplatz vom Modellflugzeug aus gesehen.<\/p>\n<p>&nbsp;<\/p>\n<p>Samstags und Dienstags nachmittags wird am meisten geflogen. Je nach Witterung und Jahreszeit bis Sunset. Aber auch an anderen Wochentagen trifft man sich &#8222;am Platz&#8220;. Schnell nach Feierabend noch eine Runde drehen oder vom sonnt\u00e4glichen Kaffeetisch fl\u00fcchten, den Flieger in den Kofferraum und ab in die Natur.<\/p>\n<p>Modellfliegen gern, aber wie?<\/p>\n<p>Es gibt sicherlich Hobbys, in denen Freud\u00b4 und Leid nicht so dicht beieinander liegen. Denkt man gerade als Anf\u00e4nger an Modellfliegen, denkt man gleichzeitig an Abst\u00fcrze. Gerade hier ist die Mitgliedschaft in einem Verein hilfreich. Ein neues Modell will ausgesucht, eingestellt und eingeflogen werden, bis auch der Anf\u00e4nger damit seine ersten Runden drehen kann. Hier geht nichts \u00fcber Erfahrung.\u00a0Schon der Kauf will wohl \u00fcberlegt sein. Welcher so richtig Modellflug Begeisterte tr\u00e4umt am Anfang nicht vom Strahl getriebenen Jet oder dem ma\u00dfst\u00e4blichen Tante-Ju-Nachbau mit 3 Sternmotoren? Oder besser nicht? Jeder hat schlie\u00dflich klein angefangen, also das Ebay-Schn\u00e4ppchen als Komplett-Set mit 50 cm Spannweite f\u00fcr 39 Euro? Nein, weder das eine noch das andere. Es finden sich zahlreiche Anf\u00e4ngermodelle am Markt, und jedes Jahr kommen neue hinzu. Einige haben sich bew\u00e4hrt, andere nicht. Das erf\u00e4hrt man dann schon.Aber ohne die Fernsteuerung fliegt das Modell nicht. Es muss am Anfang nicht die High-Tech-Computer-Anlage sein, aber die Playmobil-Fernsteuerung ist auch nicht das richtige.<\/p>\n<p>Soll es elektrisch sein, mit Verbrennungsmotor, welche Akkus, welche Servos (das sind die kleinen Dinger, die die Ruder am Flugzeug bewegen)? Man kann noch viele weitere Komponenten aufz\u00e4hlen, die am Anfang auszuw\u00e4hlen sind.\u00a0Modellfliegen ist vor allem auch Modellbauen. Heutzutage bietet der Markt viele (fast) fertig gebaute Flugzeuge f\u00fcr wenig Geld, aber die klassischen Baus\u00e4tze sind ebenso gefragt. man fragt sich anfangs, wof\u00fcr sind im Regal des Fachh\u00e4ndlers blo\u00df die zig verschiedenen Klebstoffsorten, Balsaleisten, Kohlest\u00e4be, Bespannsorten usw.?Doch auch, wenn das Modell fertig gebaut ist, ist man noch lange nicht am Ende. Wie gro\u00df m\u00fcssen die Ruderausschl\u00e4ge sein, bewegen sich die Ruder \u00fcberhaupt richtig herum, liegen sie auf dem richtigen Senderkn\u00fcppel, l\u00e4uft der Motor gut, passt die Propellergr\u00f6\u00dfe? Das alles sind typische Fragen, mit denen man sich als Anf\u00e4nger auseinandersetzen muss. Ein ferngesteuertes Schiff oder Auto ist im Vergleich zum Modellflugzeug nicht so anf\u00e4llig. Es kann h\u00f6chstens runterfallen, wenn man es selbst fallen l\u00e4sst, oder man hat ungeschickte F\u00fc\u00dfe und tritt drauf.\u00a0Ein Flugzeug muss sich von selbst in der Luft halten. Gott-sei-Dank helfen ihm die Gesetze der Aerodynamik dabei. Tja, und Gesetze wollen befolgt werden, sonst folgt die Strafe&#8230; Und das muss ja nicht sein!Schaut man sich die zahlreichen Flugzeuge auf den Bildern dieser Seite an, entdeckt man viele, viele verschiedene Flugzeuge. Das eine sieht rasant aus, das andere eher plump. Das dritte wirkt sehr stabil, das n\u00e4chste eher grazil. Stabil ist gut!<\/p>\n<p>Damit die Freude am neuen Hobby gerade am Anfang nicht getr\u00fcbt wird, sollte man das Gespr\u00e4ch mit uns Modellfliegern suchen. F\u00fcr einen kleiner Plausch ist jeder zu haben. Man kommt mit uns Modellfliegern schnell ins Gespr\u00e4ch (es sei denn, jemand ist gerade in sein Kunstflugprogramm vertieft&#8230;). Leider wird einem dann allerdings schnell klar, dass es tats\u00e4chlich mit dem D\u00fcsenjet oder der Ju-52 nichts wird. Aber das macht nichts. Hat man die ersten Fl\u00fcge z.B. im Lehrer-Sch\u00fcler-Betrieb und die erste Saison mit dem Anf\u00e4ngerflieger erfolgreich hinter sich gebracht, kommt man schnell auf den Geschmack und kann auch einsch\u00e4tzen, mit welcher Art Flugzeug man weiter machen sollte. Und da gibt es soooo viele!!!<\/p>\n<p><a href=\"http:\/\/www.mfvostbevern.de\/?page_id=503\">Hier<\/a> erf\u00e4hrt man, was die Modellfliegerei in unserem Verein so kostet.<\/p>\n","protected":false},"excerpt":{"rendered":"<p>Der Verein Der Modellflugverein wurde 1971 gegr\u00fcndet. In der Bauernschaft Brock fand man eine sch\u00f6ne Fliegewiese. Ein alter Pferdeunterstand wurde ruck-zuck zum Vereinsh\u00e4uschen umfunktioniert. Leider fiel dies einem Brand zum Opfer. Doch es wurde nicht lange gewartet, und an alter Stelle ein neues H\u00e4uschen errichtet, das nun seit zig Jahren als Treffpunkt dient. Der Platz [&hellip;]<\/p>\n","protected":false},"author":1,"featured_media":0,"parent":0,"menu_order":5,"comment_status":"closed","ping_status":"closed","template":"","meta":[],"_links":{"self":[{"href":"https:\/\/www.mfvostbevern.de\/index.php?rest_route=\/wp\/v2\/pages\/2"}],"collection":[{"href":"https:\/\/www.mfvostbevern.de\/index.php?rest_route=\/wp\/v2\/pages"}],"about":[{"href":"https:\/\/www.mfvostbevern.de\/index.php?rest_route=\/wp\/v2\/types\/page"}],"author":[{"embeddable":true,"href":"https:\/\/www.mfvostbevern.de\/index.php?rest_route=\/wp\/v2\/users\/1"}],"replies":[{"embeddable":true,"href":"https:\/\/www.mfvostbevern.de\/index.php?rest_route=%2Fwp%2Fv2%2Fcomments&post=2"}],"version-history":[{"count":19,"href":"https:\/\/www.mfvostbevern.de\/index.php?rest_route=\/wp\/v2\/pages\/2\/revisions"}],"predecessor-version":[{"id":1203,"href":"https:\/\/www.mfvostbevern.de\/index.php?rest_route=\/wp\/v2\/pages\/2\/revisions\/1203"}],"wp:attachment":[{"href":"https:\/\/www.mfvostbevern.de\/index.php?rest_route=%2Fwp%2Fv2%2Fmedia&parent=2"}],"curies":[{"name":"wp","href":"https:\/\/api.w.org\/{rel}","templated":true}]}}