{"id":1218,"date":"2017-01-09T08:35:40","date_gmt":"2017-01-09T07:35:40","guid":{"rendered":"http:\/\/www.mfvostbevern.de\/?page_id=1218"},"modified":"2018-04-22T10:45:25","modified_gmt":"2018-04-22T08:45:25","slug":"indoor-hallenfliegen","status":"publish","type":"page","link":"https:\/\/www.mfvostbevern.de\/?page_id=1218","title":{"rendered":"Indoor-Hallenfliegen"},"content":{"rendered":"<p><img decoding=\"async\" loading=\"lazy\" class=\"alignnone wp-image-646\" src=\"http:\/\/www.mfvostbevern.de\/wp-content\/uploads\/2013\/03\/Indoor-040.jpg\" alt=\"\" width=\"501\" height=\"333\" \/><\/p>\n<p>&nbsp;<\/p>\n<p>In den kalten Monaten\u00a0k\u00f6nnen wir an bestimmten Tagen die gro\u00dfe Beverhalle in Ostbevern nutzen.<\/p>\n<p>Hier testen wir dann die Grenzen der Flugphysik extrem aus.<\/p>\n<p>Irgendwie ist das Hallenfliegen etwas ganz anderes und besonderes !<\/p>\n<p>Die Flugzeiten sind offen und jeder, der m\u00f6chte und etwas &#8222;hallentaugliches&#8220; zum Fliegen hat, ist gerne gesehen.<\/p>\n<p>&nbsp;<\/p>\n<p><span style=\"color: #ff0000;\"><strong>Auch Anf\u00e4nger, die sonst nur privat fliegen, begr\u00fc\u00dfen wir gerne!<\/strong><\/span><\/p>\n<p>( bitte Hallenschuhe nicht vergessen )<\/p>\n<p>&nbsp;<\/p>\n<p><strong>Die aktuellen Hallenzeiten findet Ihr auf der Seite &#8222;Termine&#8220; .<\/strong><\/p>\n<p>&nbsp;<\/p>\n<p>&nbsp;<\/p>\n<p><strong>Ort:<\/strong><\/p>\n<p>Beverhalle<\/p>\n<p>Schulstra\u00dfe 17<\/p>\n<p>48346 Ostbevern<\/p>\n\n\t\t<style type=\"text\/css\">\n\t\t\t#gallery-1 {\n\t\t\t\tmargin: auto;\n\t\t\t}\n\t\t\t#gallery-1 .gallery-item {\n\t\t\t\tfloat: left;\n\t\t\t\tmargin-top: 10px;\n\t\t\t\ttext-align: center;\n\t\t\t\twidth: 33%;\n\t\t\t}\n\t\t\t#gallery-1 img {\n\t\t\t\tborder: 2px solid #cfcfcf;\n\t\t\t}\n\t\t\t#gallery-1 .gallery-caption {\n\t\t\t\tmargin-left: 0;\n\t\t\t}\n\t\t\t\/* see gallery_shortcode() in wp-includes\/media.php *\/\n\t\t<\/style>\n\t\t<div id='gallery-1' class='gallery galleryid-1218 gallery-columns-3 gallery-size-thumbnail'><dl class='gallery-item'>\n\t\t\t<dt class='gallery-icon landscape'>\n\t\t\t\t<a href='https:\/\/www.mfvostbevern.de\/?attachment_id=1522'><img width=\"150\" height=\"100\" src=\"https:\/\/www.mfvostbevern.de\/wp-content\/uploads\/2018\/03\/mfv-031.jpg\" class=\"attachment-thumbnail size-thumbnail\" alt=\"\" decoding=\"async\" loading=\"lazy\" \/><\/a>\n\t\t\t<\/dt><\/dl><dl class='gallery-item'>\n\t\t\t<dt class='gallery-icon landscape'>\n\t\t\t\t<a href='https:\/\/www.mfvostbevern.de\/?attachment_id=1524'><img width=\"150\" height=\"100\" src=\"https:\/\/www.mfvostbevern.de\/wp-content\/uploads\/2018\/03\/mfv-033.jpg\" class=\"attachment-thumbnail size-thumbnail\" alt=\"\" decoding=\"async\" loading=\"lazy\" \/><\/a>\n\t\t\t<\/dt><\/dl><dl class='gallery-item'>\n\t\t\t<dt class='gallery-icon landscape'>\n\t\t\t\t<a href='https:\/\/www.mfvostbevern.de\/?attachment_id=1516'><img width=\"150\" height=\"100\" src=\"https:\/\/www.mfvostbevern.de\/wp-content\/uploads\/2018\/03\/mfv-025.jpg\" class=\"attachment-thumbnail size-thumbnail\" alt=\"\" decoding=\"async\" loading=\"lazy\" \/><\/a>\n\t\t\t<\/dt><\/dl><br style=\"clear: both\" \/><dl class='gallery-item'>\n\t\t\t<dt class='gallery-icon landscape'>\n\t\t\t\t<a href='https:\/\/www.mfvostbevern.de\/?attachment_id=955'><img width=\"150\" height=\"100\" src=\"https:\/\/www.mfvostbevern.de\/wp-content\/uploads\/2014\/01\/DSC00442.jpg\" class=\"attachment-thumbnail size-thumbnail\" alt=\"\" decoding=\"async\" loading=\"lazy\" \/><\/a>\n\t\t\t<\/dt><\/dl><dl class='gallery-item'>\n\t\t\t<dt class='gallery-icon landscape'>\n\t\t\t\t<a href='https:\/\/www.mfvostbevern.de\/?attachment_id=949'><img width=\"150\" height=\"100\" src=\"https:\/\/www.mfvostbevern.de\/wp-content\/uploads\/2014\/01\/DSC00400.jpg\" class=\"attachment-thumbnail size-thumbnail\" alt=\"\" decoding=\"async\" loading=\"lazy\" \/><\/a>\n\t\t\t<\/dt><\/dl><dl class='gallery-item'>\n\t\t\t<dt class='gallery-icon landscape'>\n\t\t\t\t<a href='https:\/\/www.mfvostbevern.de\/?attachment_id=628'><img width=\"150\" height=\"100\" src=\"https:\/\/www.mfvostbevern.de\/wp-content\/uploads\/2013\/03\/Indoor-022.jpg\" class=\"attachment-thumbnail size-thumbnail\" alt=\"\" decoding=\"async\" loading=\"lazy\" \/><\/a>\n\t\t\t<\/dt><\/dl><br style=\"clear: both\" \/><dl class='gallery-item'>\n\t\t\t<dt class='gallery-icon landscape'>\n\t\t\t\t<a href='https:\/\/www.mfvostbevern.de\/?attachment_id=1513'><img width=\"150\" height=\"100\" src=\"https:\/\/www.mfvostbevern.de\/wp-content\/uploads\/2018\/03\/mfv-022.jpg\" class=\"attachment-thumbnail size-thumbnail\" alt=\"\" decoding=\"async\" loading=\"lazy\" \/><\/a>\n\t\t\t<\/dt><\/dl><dl class='gallery-item'>\n\t\t\t<dt class='gallery-icon landscape'>\n\t\t\t\t<a href='https:\/\/www.mfvostbevern.de\/?attachment_id=1511'><img width=\"150\" height=\"100\" src=\"https:\/\/www.mfvostbevern.de\/wp-content\/uploads\/2018\/03\/mfv-020.jpg\" class=\"attachment-thumbnail size-thumbnail\" alt=\"\" decoding=\"async\" loading=\"lazy\" \/><\/a>\n\t\t\t<\/dt><\/dl><dl class='gallery-item'>\n\t\t\t<dt class='gallery-icon landscape'>\n\t\t\t\t<a href='https:\/\/www.mfvostbevern.de\/?attachment_id=1523'><img width=\"150\" height=\"100\" src=\"https:\/\/www.mfvostbevern.de\/wp-content\/uploads\/2018\/03\/mfv-032.jpg\" class=\"attachment-thumbnail size-thumbnail\" alt=\"\" decoding=\"async\" loading=\"lazy\" \/><\/a>\n\t\t\t<\/dt><\/dl><br style=\"clear: both\" \/><dl class='gallery-item'>\n\t\t\t<dt class='gallery-icon landscape'>\n\t\t\t\t<a href='https:\/\/www.mfvostbevern.de\/?attachment_id=1502'><img width=\"150\" height=\"100\" src=\"https:\/\/www.mfvostbevern.de\/wp-content\/uploads\/2018\/03\/mfv-011.jpg\" class=\"attachment-thumbnail size-thumbnail\" alt=\"\" decoding=\"async\" loading=\"lazy\" \/><\/a>\n\t\t\t<\/dt><\/dl><dl class='gallery-item'>\n\t\t\t<dt class='gallery-icon landscape'>\n\t\t\t\t<a href='https:\/\/www.mfvostbevern.de\/?attachment_id=1535'><img width=\"150\" height=\"100\" src=\"https:\/\/www.mfvostbevern.de\/wp-content\/uploads\/2018\/03\/mfv-009-2.jpg\" class=\"attachment-thumbnail size-thumbnail\" alt=\"\" decoding=\"async\" loading=\"lazy\" \/><\/a>\n\t\t\t<\/dt><\/dl><dl class='gallery-item'>\n\t\t\t<dt class='gallery-icon landscape'>\n\t\t\t\t<a href='https:\/\/www.mfvostbevern.de\/?attachment_id=1520'><img width=\"150\" height=\"100\" src=\"https:\/\/www.mfvostbevern.de\/wp-content\/uploads\/2018\/03\/mfv-029.jpg\" class=\"attachment-thumbnail size-thumbnail\" alt=\"\" decoding=\"async\" loading=\"lazy\" \/><\/a>\n\t\t\t<\/dt><\/dl><br style=\"clear: both\" \/><dl class='gallery-item'>\n\t\t\t<dt class='gallery-icon landscape'>\n\t\t\t\t<a href='https:\/\/www.mfvostbevern.de\/?attachment_id=1508'><img width=\"150\" height=\"100\" src=\"https:\/\/www.mfvostbevern.de\/wp-content\/uploads\/2018\/03\/mfv-017.jpg\" class=\"attachment-thumbnail size-thumbnail\" alt=\"\" decoding=\"async\" loading=\"lazy\" \/><\/a>\n\t\t\t<\/dt><\/dl><dl class='gallery-item'>\n\t\t\t<dt class='gallery-icon landscape'>\n\t\t\t\t<a href='https:\/\/www.mfvostbevern.de\/?attachment_id=1517'><img width=\"150\" height=\"100\" src=\"https:\/\/www.mfvostbevern.de\/wp-content\/uploads\/2018\/03\/mfv-026.jpg\" class=\"attachment-thumbnail size-thumbnail\" alt=\"\" decoding=\"async\" loading=\"lazy\" \/><\/a>\n\t\t\t<\/dt><\/dl><dl class='gallery-item'>\n\t\t\t<dt class='gallery-icon landscape'>\n\t\t\t\t<a href='https:\/\/www.mfvostbevern.de\/?attachment_id=610'><img width=\"150\" height=\"100\" src=\"https:\/\/www.mfvostbevern.de\/wp-content\/uploads\/2013\/03\/Indoor-004.jpg\" class=\"attachment-thumbnail size-thumbnail\" alt=\"\" decoding=\"async\" loading=\"lazy\" \/><\/a>\n\t\t\t<\/dt><\/dl><br style=\"clear: both\" \/><dl class='gallery-item'>\n\t\t\t<dt class='gallery-icon landscape'>\n\t\t\t\t<a href='https:\/\/www.mfvostbevern.de\/?attachment_id=1514'><img width=\"150\" height=\"100\" src=\"https:\/\/www.mfvostbevern.de\/wp-content\/uploads\/2018\/03\/mfv-023.jpg\" class=\"attachment-thumbnail size-thumbnail\" alt=\"\" decoding=\"async\" loading=\"lazy\" \/><\/a>\n\t\t\t<\/dt><\/dl><dl class='gallery-item'>\n\t\t\t<dt class='gallery-icon landscape'>\n\t\t\t\t<a href='https:\/\/www.mfvostbevern.de\/?attachment_id=1531'><img width=\"150\" height=\"100\" src=\"https:\/\/www.mfvostbevern.de\/wp-content\/uploads\/2018\/03\/mfv-012-1.jpg\" class=\"attachment-thumbnail size-thumbnail\" alt=\"\" decoding=\"async\" loading=\"lazy\" \/><\/a>\n\t\t\t<\/dt><\/dl><dl class='gallery-item'>\n\t\t\t<dt class='gallery-icon landscape'>\n\t\t\t\t<a href='https:\/\/www.mfvostbevern.de\/?attachment_id=612'><img width=\"150\" height=\"100\" src=\"https:\/\/www.mfvostbevern.de\/wp-content\/uploads\/2013\/03\/Indoor-006.jpg\" class=\"attachment-thumbnail size-thumbnail\" alt=\"\" decoding=\"async\" loading=\"lazy\" \/><\/a>\n\t\t\t<\/dt><\/dl><br style=\"clear: both\" \/><dl class='gallery-item'>\n\t\t\t<dt class='gallery-icon landscape'>\n\t\t\t\t<a href='https:\/\/www.mfvostbevern.de\/?attachment_id=1527'><img width=\"150\" height=\"100\" src=\"https:\/\/www.mfvostbevern.de\/wp-content\/uploads\/2018\/03\/mfv-036.jpg\" class=\"attachment-thumbnail size-thumbnail\" alt=\"\" decoding=\"async\" loading=\"lazy\" \/><\/a>\n\t\t\t<\/dt><\/dl><dl class='gallery-item'>\n\t\t\t<dt class='gallery-icon landscape'>\n\t\t\t\t<a href='https:\/\/www.mfvostbevern.de\/?attachment_id=1515'><img width=\"150\" height=\"100\" src=\"https:\/\/www.mfvostbevern.de\/wp-content\/uploads\/2018\/03\/mfv-024.jpg\" class=\"attachment-thumbnail size-thumbnail\" alt=\"\" decoding=\"async\" loading=\"lazy\" \/><\/a>\n\t\t\t<\/dt><\/dl>\n\t\t\t<br style='clear: both' \/>\n\t\t<\/div>\n\n<p>&nbsp;<\/p>\n<p>&nbsp;<\/p>\n","protected":false},"excerpt":{"rendered":"<p>&nbsp; In den kalten Monaten\u00a0k\u00f6nnen wir an bestimmten Tagen die gro\u00dfe Beverhalle in Ostbevern nutzen. Hier testen wir dann die Grenzen der Flugphysik extrem aus. Irgendwie ist das Hallenfliegen etwas ganz anderes und besonderes ! Die Flugzeiten sind offen und jeder, der m\u00f6chte und etwas &#8222;hallentaugliches&#8220; zum Fliegen hat, ist gerne gesehen. &nbsp; Auch Anf\u00e4nger, [&hellip;]<\/p>\n","protected":false},"author":7,"featured_media":0,"parent":0,"menu_order":8,"comment_status":"closed","ping_status":"closed","template":"","meta":[],"_links":{"self":[{"href":"https:\/\/www.mfvostbevern.de\/index.php?rest_route=\/wp\/v2\/pages\/1218"}],"collection":[{"href":"https:\/\/www.mfvostbevern.de\/index.php?rest_route=\/wp\/v2\/pages"}],"about":[{"href":"https:\/\/www.mfvostbevern.de\/index.php?rest_route=\/wp\/v2\/types\/page"}],"author":[{"embeddable":true,"href":"https:\/\/www.mfvostbevern.de\/index.php?rest_route=\/wp\/v2\/users\/7"}],"replies":[{"embeddable":true,"href":"https:\/\/www.mfvostbevern.de\/index.php?rest_route=%2Fwp%2Fv2%2Fcomments&post=1218"}],"version-history":[{"count":23,"href":"https:\/\/www.mfvostbevern.de\/index.php?rest_route=\/wp\/v2\/pages\/1218\/revisions"}],"predecessor-version":[{"id":1538,"href":"https:\/\/www.mfvostbevern.de\/index.php?rest_route=\/wp\/v2\/pages\/1218\/revisions\/1538"}],"wp:attachment":[{"href":"https:\/\/www.mfvostbevern.de\/index.php?rest_route=%2Fwp%2Fv2%2Fmedia&parent=1218"}],"curies":[{"name":"wp","href":"https:\/\/api.w.org\/{rel}","templated":true}]}}